{"id":3585,"date":"2025-06-13T22:06:47","date_gmt":"2025-06-14T05:06:47","guid":{"rendered":"https:\/\/store.davarkg.com\/en\/?post_type=product&#038;p=3585"},"modified":"2025-08-22T20:26:17","modified_gmt":"2025-08-23T03:26:17","slug":"jun-asai-piano-concert-2023","status":"publish","type":"product","link":"https:\/\/store.davarkg.com\/en\/product\/jun-asai-piano-concert-2023\/","title":{"rendered":"Jun Asai Piano Concert 2023  (Recorded Live at Zipper Hall, Los Angeles)"},"content":{"rendered":"<p><img decoding=\"async\" class=\"alignnone size-full wp-image-15081\" src=\"https:\/\/store.davarkg.com\/en\/wp-content\/uploads\/img_JunAsai.jpeg\" alt=\"\" width=\"150\" height=\"150\" \/><\/p>\n<p>Jun Asai has performed with orchestras around the world, including the L.A. Philharmonic, Glendale Philharmonic, Fort Worth Symphony, Utah Symphony, Nagoya Philharmonic, and Shanghai Philharmonic. Prizewinner at various competitions\u2014L.A. Phil\u2019s Kaper Awards, the National Chopin Competition, Shanghai Int\u2019l Competition, Joanna Hodges Int\u2019l Competition, Bachauer Int\u2019l Competition, New Orleans Int\u2019l Competition, Citt\u00e0 di Cant\u00f9 Int\u2019l Piano Competition, among others. Her teachers include Eduardo Delgado, Daniel Pollack, Oxana Yablonskaya, and Yoheved Kaplinsky. She has also worked with Yong Hi Moon, John O\u2019Conor, Arie Vardi, Mikhail Voskressensky, and Nelita True. She gave her debut recital at Carnegie\u2019s Weill Hall in 2002, appeared four times on the TV program \u201cMusical Encounter,\u201d and played the role of a piano prodigy in \u201cSneakers\u201d with Robert Redford. She was born in Tulsa, Oklahoma, and grew up locally in Pasadena, where she studied at the Pasadena Conservatory of Music and later at the Colburn School of Music. She entered the undergraduate program at Juilliard School at age 15 and went on to attain a master\u2019s degree. She continued her postgraduate work at Johns Hopkins University under the tutelage of Leon Fleisher. For further information, please go to <a href=\"https:\/\/www2.junasai.com\" target=\"_blank\" rel=\"noopener noreferrer\">www.junasai.com<\/a>.<\/p>\n<p>Website: <a href=\"https:\/\/www2.junasai.com\" target=\"_blank\" rel=\"noopener noreferrer\">www.junasai.com<\/a><br \/>\nVideo: <a href=\"https:\/\/www.youtube.com\/@AsaiJun7\" target=\"_blank\" rel=\"noopener noreferrer\">https:\/\/www.youtube.com\/@AsaiJun7<\/a><\/p>\n","protected":false},"excerpt":{"rendered":"<p>Jun Asai Piano Concert 2023<br \/>\nRecorded live at The Colburn School, Zipper Hall<br \/>\nLos Angeles<\/p>\n<hr \/>\n<p>Tracklist:<\/p>\n<p><strong>Ludwig van Beethoven<\/strong><br \/>\nPiano Sonata No. 31 in A-flat major, Op. 110<br \/>\n01# I. Moderato cantabile molto espressivo<br \/>\n02# II. Allegro molto<br \/>\n03# III. Adagio ma non troppo<br \/>\n04# IV: Fuga (Allegro ma non troppo)<\/p>\n<p><strong>Sergei Rachmaninoff<\/strong><br \/>\n05# Variations on a Theme of Corelli, Op. 42<\/p>\n<p><strong>Franz Liszt<\/strong><br \/>\n12 \u00c9tudes d\u2019ex\u00e9cution transcendante, S. 139<br \/>\n06# No. 4 Mazeppa<br \/>\n07# No. 5 Feux follets<\/p>\n<p><strong>Maurice Ravel<\/strong><br \/>\n08# La valse, M. 72<\/p>\n<p><strong>Sergei Rachmaninoff<\/strong><br \/>\n09# \u00c9tude-Tableau in B minor, op. 39, no. 4<\/p>\n<p><strong>Fr\u00e9d\u00e9ric Chopin<\/strong><br \/>\n10# Waltz in C-sharp minor, op. 64, no. 2<\/p>\n<p><strong>Sergei Prokofiev<\/strong><br \/>\n11# \u00c9tude in C minor, op. 2, no. 3<\/p>\n<hr \/>\n<p>File Type<br \/>\nMP3<\/p>\n<hr \/>\n<p>All downloadable file(s) will be available after the purchase is complete.<\/p>\n<p><b><u>Download Expiry : 31days<\/u><\/b><br \/>\nOnce you purchase the MP3, please download it within 31 days.<br \/>\nAfter 31 days you will be unable to download the MP3.<\/p>\n","protected":false},"featured_media":3586,"template":"","meta":{"_monsterinsights_skip_tracking":false,"_monsterinsights_sitenote_active":false,"_monsterinsights_sitenote_note":"","_monsterinsights_sitenote_category":0,"site-sidebar-layout":"default","site-content-layout":"default","ast-global-header-display":"","ast-main-header-display":"","ast-hfb-above-header-display":"","ast-hfb-below-header-display":"","ast-hfb-mobile-header-display":"","site-post-title":"","ast-breadcrumbs-content":"","ast-featured-img":"","footer-sml-layout":"","theme-transparent-header-meta":"default","adv-header-id-meta":"","stick-header-meta":"","header-above-stick-meta":"","header-main-stick-meta":"","header-below-stick-meta":""},"product_brand":[],"product_cat":[24,429],"product_tag":[697,700,426,699,427,428,701,698],"class_list":{"0":"post-3585","1":"product","2":"type-product","3":"status-publish","4":"has-post-thumbnail","6":"product_cat-music-ministry","7":"product_cat-jun-asai","8":"product_tag-beethoven","9":"product_tag-chopin","10":"product_tag-jun-asai","11":"product_tag-liszt","12":"product_tag-piano-concert","13":"product_tag-piano-recital","14":"product_tag-prokofiev","15":"product_tag-rachmaninoff","16":"desktop-align-left","17":"tablet-align-left","18":"mobile-align-left","20":"first","21":"instock","22":"downloadable","23":"virtual","24":"purchasable","25":"product-type-simple"},"yoast_head":"<!-- This site is optimized with the Yoast SEO plugin v27.2 - https:\/\/yoast.com\/product\/yoast-seo-wordpress\/ -->\n<title>Jun Asai Piano Concert 2023 (Recorded Live at Zipper Hall, Los Angeles) - Pasadena Davar Church Online Store | Sermon Audio, Summaries &amp; Sermon audio (MP3)<\/title>\n<meta name=\"robots\" content=\"index, follow, max-snippet:-1, max-image-preview:large, max-video-preview:-1\" \/>\n<link rel=\"canonical\" href=\"https:\/\/store.davarkg.com\/en\/product\/jun-asai-piano-concert-2023\/\" \/>\n<meta property=\"og:locale\" content=\"en_US\" \/>\n<meta property=\"og:type\" content=\"article\" \/>\n<meta property=\"og:title\" content=\"Jun Asai Piano Concert 2023 (Recorded Live at Zipper Hall, Los Angeles) - Pasadena Davar Church Online Store | Sermon Audio, Summaries &amp; Sermon audio (MP3)\" \/>\n<meta property=\"og:description\" content=\"Jun Asai Piano Concert 2023 Recorded live at The Colburn School, Zipper Hall Los Angeles    Tracklist:  Ludwig van Beethoven Piano Sonata No. 31 in A-flat major, Op. 110 01# I. Moderato cantabile molto espressivo 02# II. Allegro molto 03# III. Adagio ma non troppo 04# IV: Fuga (Allegro ma non troppo)  Sergei Rachmaninoff 05# Variations on a Theme of Corelli, Op. 42  Franz Liszt 12 \u00c9tudes d\u2019ex\u00e9cution transcendante, S. 139 06# No. 4 Mazeppa 07# No. 5 Feux follets  Maurice Ravel 08# La valse, M. 72  Sergei Rachmaninoff 09# \u00c9tude-Tableau in B minor, op. 39, no. 4  Fr\u00e9d\u00e9ric Chopin 10# Waltz in C-sharp minor, op. 64, no. 2  Sergei Prokofiev 11# \u00c9tude in C minor, op. 2, no. 3    File Type MP3    All downloadable file(s) will be available after the purchase is complete.  Download Expiry : 31days Once you purchase the MP3, please download it within 31 days. After 31 days you will be unable to download the MP3.\" \/>\n<meta property=\"og:url\" content=\"https:\/\/store.davarkg.com\/en\/product\/jun-asai-piano-concert-2023\/\" \/>\n<meta property=\"og:site_name\" content=\"Pasadena Davar Church Online Store | Sermon Audio, Summaries &amp; Sermon audio (MP3)\" \/>\n<meta property=\"article:modified_time\" content=\"2025-08-23T03:26:17+00:00\" \/>\n<meta property=\"og:image\" content=\"https:\/\/store.davarkg.com\/en\/wp-content\/uploads\/Jun-Asai-2023.jpg\" \/>\n\t<meta property=\"og:image:width\" content=\"800\" \/>\n\t<meta property=\"og:image:height\" content=\"800\" \/>\n\t<meta property=\"og:image:type\" content=\"image\/jpeg\" \/>\n<meta name=\"twitter:card\" content=\"summary_large_image\" \/>\n<meta name=\"twitter:label1\" content=\"Est. reading time\" \/>\n\t<meta name=\"twitter:data1\" content=\"2 minutes\" \/>\n<script type=\"application\/ld+json\" class=\"yoast-schema-graph\">{\"@context\":\"https:\/\/schema.org\",\"@graph\":[{\"@type\":\"WebPage\",\"@id\":\"https:\/\/store.davarkg.com\/en\/product\/jun-asai-piano-concert-2023\/\",\"url\":\"https:\/\/store.davarkg.com\/en\/product\/jun-asai-piano-concert-2023\/\",\"name\":\"Jun Asai Piano Concert 2023 (Recorded Live at Zipper Hall, Los Angeles) - Pasadena Davar Church Online Store | Sermon Audio, Summaries &amp; Sermon audio (MP3)\",\"isPartOf\":{\"@id\":\"https:\/\/store.davarkg.com\/en\/#website\"},\"primaryImageOfPage\":{\"@id\":\"https:\/\/store.davarkg.com\/en\/product\/jun-asai-piano-concert-2023\/#primaryimage\"},\"image\":{\"@id\":\"https:\/\/store.davarkg.com\/en\/product\/jun-asai-piano-concert-2023\/#primaryimage\"},\"thumbnailUrl\":\"https:\/\/store.davarkg.com\/en\/wp-content\/uploads\/Jun-Asai-2023.jpg\",\"datePublished\":\"2025-06-14T05:06:47+00:00\",\"dateModified\":\"2025-08-23T03:26:17+00:00\",\"breadcrumb\":{\"@id\":\"https:\/\/store.davarkg.com\/en\/product\/jun-asai-piano-concert-2023\/#breadcrumb\"},\"inLanguage\":\"en-US\",\"potentialAction\":[{\"@type\":\"ReadAction\",\"target\":[\"https:\/\/store.davarkg.com\/en\/product\/jun-asai-piano-concert-2023\/\"]}]},{\"@type\":\"ImageObject\",\"inLanguage\":\"en-US\",\"@id\":\"https:\/\/store.davarkg.com\/en\/product\/jun-asai-piano-concert-2023\/#primaryimage\",\"url\":\"https:\/\/store.davarkg.com\/en\/wp-content\/uploads\/Jun-Asai-2023.jpg\",\"contentUrl\":\"https:\/\/store.davarkg.com\/en\/wp-content\/uploads\/Jun-Asai-2023.jpg\",\"width\":800,\"height\":800},{\"@type\":\"BreadcrumbList\",\"@id\":\"https:\/\/store.davarkg.com\/en\/product\/jun-asai-piano-concert-2023\/#breadcrumb\",\"itemListElement\":[{\"@type\":\"ListItem\",\"position\":1,\"name\":\"\u30db\u30fc\u30e0\",\"item\":\"https:\/\/store.davarkg.com\/en\/\"},{\"@type\":\"ListItem\",\"position\":2,\"name\":\"Shop\",\"item\":\"https:\/\/store.davarkg.com\/en\/shop\/\"},{\"@type\":\"ListItem\",\"position\":3,\"name\":\"Jun Asai Piano Concert 2023 (Recorded Live at Zipper Hall, Los Angeles)\"}]},{\"@type\":\"WebSite\",\"@id\":\"https:\/\/store.davarkg.com\/en\/#website\",\"url\":\"https:\/\/store.davarkg.com\/en\/\",\"name\":\"Pasadena Davar Church Online Store | Sermon Audio, Summaries &amp; Sermon audio (MP3)\",\"description\":\"\",\"potentialAction\":[{\"@type\":\"SearchAction\",\"target\":{\"@type\":\"EntryPoint\",\"urlTemplate\":\"https:\/\/store.davarkg.com\/en\/?s={search_term_string}\"},\"query-input\":{\"@type\":\"PropertyValueSpecification\",\"valueRequired\":true,\"valueName\":\"search_term_string\"}}],\"inLanguage\":\"en-US\"}]}<\/script>\n<!-- \/ Yoast SEO plugin. -->","yoast_head_json":{"title":"Jun Asai Piano Concert 2023 (Recorded Live at Zipper Hall, Los Angeles) - Pasadena Davar Church Online Store | Sermon Audio, Summaries &amp; Sermon audio (MP3)","robots":{"index":"index","follow":"follow","max-snippet":"max-snippet:-1","max-image-preview":"max-image-preview:large","max-video-preview":"max-video-preview:-1"},"canonical":"https:\/\/store.davarkg.com\/en\/product\/jun-asai-piano-concert-2023\/","og_locale":"en_US","og_type":"article","og_title":"Jun Asai Piano Concert 2023 (Recorded Live at Zipper Hall, Los Angeles) - Pasadena Davar Church Online Store | Sermon Audio, Summaries &amp; Sermon audio (MP3)","og_description":"Jun Asai Piano Concert 2023 Recorded live at The Colburn School, Zipper Hall Los Angeles    Tracklist:  Ludwig van Beethoven Piano Sonata No. 31 in A-flat major, Op. 110 01# I. Moderato cantabile molto espressivo 02# II. Allegro molto 03# III. Adagio ma non troppo 04# IV: Fuga (Allegro ma non troppo)  Sergei Rachmaninoff 05# Variations on a Theme of Corelli, Op. 42  Franz Liszt 12 \u00c9tudes d\u2019ex\u00e9cution transcendante, S. 139 06# No. 4 Mazeppa 07# No. 5 Feux follets  Maurice Ravel 08# La valse, M. 72  Sergei Rachmaninoff 09# \u00c9tude-Tableau in B minor, op. 39, no. 4  Fr\u00e9d\u00e9ric Chopin 10# Waltz in C-sharp minor, op. 64, no. 2  Sergei Prokofiev 11# \u00c9tude in C minor, op. 2, no. 3    File Type MP3    All downloadable file(s) will be available after the purchase is complete.  Download Expiry : 31days Once you purchase the MP3, please download it within 31 days. After 31 days you will be unable to download the MP3.","og_url":"https:\/\/store.davarkg.com\/en\/product\/jun-asai-piano-concert-2023\/","og_site_name":"Pasadena Davar Church Online Store | Sermon Audio, Summaries &amp; Sermon audio (MP3)","article_modified_time":"2025-08-23T03:26:17+00:00","og_image":[{"width":800,"height":800,"url":"https:\/\/store.davarkg.com\/en\/wp-content\/uploads\/Jun-Asai-2023.jpg","type":"image\/jpeg"}],"twitter_card":"summary_large_image","twitter_misc":{"Est. reading time":"2 minutes"},"schema":{"@context":"https:\/\/schema.org","@graph":[{"@type":"WebPage","@id":"https:\/\/store.davarkg.com\/en\/product\/jun-asai-piano-concert-2023\/","url":"https:\/\/store.davarkg.com\/en\/product\/jun-asai-piano-concert-2023\/","name":"Jun Asai Piano Concert 2023 (Recorded Live at Zipper Hall, Los Angeles) - Pasadena Davar Church Online Store | Sermon Audio, Summaries &amp; Sermon audio (MP3)","isPartOf":{"@id":"https:\/\/store.davarkg.com\/en\/#website"},"primaryImageOfPage":{"@id":"https:\/\/store.davarkg.com\/en\/product\/jun-asai-piano-concert-2023\/#primaryimage"},"image":{"@id":"https:\/\/store.davarkg.com\/en\/product\/jun-asai-piano-concert-2023\/#primaryimage"},"thumbnailUrl":"https:\/\/store.davarkg.com\/en\/wp-content\/uploads\/Jun-Asai-2023.jpg","datePublished":"2025-06-14T05:06:47+00:00","dateModified":"2025-08-23T03:26:17+00:00","breadcrumb":{"@id":"https:\/\/store.davarkg.com\/en\/product\/jun-asai-piano-concert-2023\/#breadcrumb"},"inLanguage":"en-US","potentialAction":[{"@type":"ReadAction","target":["https:\/\/store.davarkg.com\/en\/product\/jun-asai-piano-concert-2023\/"]}]},{"@type":"ImageObject","inLanguage":"en-US","@id":"https:\/\/store.davarkg.com\/en\/product\/jun-asai-piano-concert-2023\/#primaryimage","url":"https:\/\/store.davarkg.com\/en\/wp-content\/uploads\/Jun-Asai-2023.jpg","contentUrl":"https:\/\/store.davarkg.com\/en\/wp-content\/uploads\/Jun-Asai-2023.jpg","width":800,"height":800},{"@type":"BreadcrumbList","@id":"https:\/\/store.davarkg.com\/en\/product\/jun-asai-piano-concert-2023\/#breadcrumb","itemListElement":[{"@type":"ListItem","position":1,"name":"\u30db\u30fc\u30e0","item":"https:\/\/store.davarkg.com\/en\/"},{"@type":"ListItem","position":2,"name":"Shop","item":"https:\/\/store.davarkg.com\/en\/shop\/"},{"@type":"ListItem","position":3,"name":"Jun Asai Piano Concert 2023 (Recorded Live at Zipper Hall, Los Angeles)"}]},{"@type":"WebSite","@id":"https:\/\/store.davarkg.com\/en\/#website","url":"https:\/\/store.davarkg.com\/en\/","name":"Pasadena Davar Church Online Store | Sermon Audio, Summaries &amp; Sermon audio (MP3)","description":"","potentialAction":[{"@type":"SearchAction","target":{"@type":"EntryPoint","urlTemplate":"https:\/\/store.davarkg.com\/en\/?s={search_term_string}"},"query-input":{"@type":"PropertyValueSpecification","valueRequired":true,"valueName":"search_term_string"}}],"inLanguage":"en-US"}]}},"_links":{"self":[{"href":"https:\/\/store.davarkg.com\/en\/wp-json\/wp\/v2\/product\/3585","targetHints":{"allow":["GET"]}}],"collection":[{"href":"https:\/\/store.davarkg.com\/en\/wp-json\/wp\/v2\/product"}],"about":[{"href":"https:\/\/store.davarkg.com\/en\/wp-json\/wp\/v2\/types\/product"}],"wp:featuredmedia":[{"embeddable":true,"href":"https:\/\/store.davarkg.com\/en\/wp-json\/wp\/v2\/media\/3586"}],"wp:attachment":[{"href":"https:\/\/store.davarkg.com\/en\/wp-json\/wp\/v2\/media?parent=3585"}],"wp:term":[{"taxonomy":"product_brand","embeddable":true,"href":"https:\/\/store.davarkg.com\/en\/wp-json\/wp\/v2\/product_brand?post=3585"},{"taxonomy":"product_cat","embeddable":true,"href":"https:\/\/store.davarkg.com\/en\/wp-json\/wp\/v2\/product_cat?post=3585"},{"taxonomy":"product_tag","embeddable":true,"href":"https:\/\/store.davarkg.com\/en\/wp-json\/wp\/v2\/product_tag?post=3585"}],"curies":[{"name":"wp","href":"https:\/\/api.w.org\/{rel}","templated":true}]}}